{"id":497,"date":"2024-04-08T22:43:02","date_gmt":"2024-04-08T22:43:02","guid":{"rendered":"https:\/\/av.zinvol.mx\/?page_id=497"},"modified":"2024-04-09T00:36:45","modified_gmt":"2024-04-09T00:36:45","slug":"terminos-y-condiciones","status":"publish","type":"page","link":"https:\/\/agricolavalencia.com\/es\/terminos-y-condiciones\/","title":{"rendered":"T\u00e9rminos y Condiciones"},"content":{"rendered":"[vc_row type=\u00bbin_container\u00bb full_screen_row_position=\u00bbmiddle\u00bb column_margin=\u00bbdefault\u00bb column_direction=\u00bbdefault\u00bb column_direction_tablet=\u00bbdefault\u00bb column_direction_phone=\u00bbdefault\u00bb scene_position=\u00bbcenter\u00bb top_padding=\u00bb10%\u00bb constrain_group_1=\u00bbyes\u00bb bottom_padding=\u00bb10%\u00bb left_padding_desktop=\u00bb10%\u00bb constrain_group_2=\u00bbyes\u00bb right_padding_desktop=\u00bb10%\u00bb text_color=\u00bbdark\u00bb text_align=\u00bbleft\u00bb row_border_radius=\u00bbnone\u00bb row_border_radius_applies=\u00bbbg\u00bb overflow=\u00bbvisible\u00bb overlay_strength=\u00bb0.3&#8243; gradient_direction=\u00bbleft_to_right\u00bb shape_divider_position=\u00bbbottom\u00bb bg_image_animation=\u00bbnone\u00bb gradient_type=\u00bbdefault\u00bb shape_type=\u00bb\u00bb][vc_column column_padding=\u00bbno-extra-padding\u00bb column_padding_tablet=\u00bbinherit\u00bb column_padding_phone=\u00bbinherit\u00bb column_padding_position=\u00bball\u00bb column_element_direction_desktop=\u00bbdefault\u00bb column_element_spacing=\u00bbdefault\u00bb desktop_text_alignment=\u00bbdefault\u00bb tablet_text_alignment=\u00bbdefault\u00bb phone_text_alignment=\u00bbdefault\u00bb background_color_opacity=\u00bb1&#8243; background_hover_color_opacity=\u00bb1&#8243; column_backdrop_filter=\u00bbnone\u00bb column_shadow=\u00bbnone\u00bb column_border_radius=\u00bbnone\u00bb column_link_target=\u00bb_self\u00bb column_position=\u00bbdefault\u00bb gradient_direction=\u00bbleft_to_right\u00bb overlay_strength=\u00bb0.3&#8243; width=\u00bb1\/1&#8243; tablet_width_inherit=\u00bbdefault\u00bb animation_type=\u00bbdefault\u00bb bg_image_animation=\u00bbnone\u00bb border_type=\u00bbsimple\u00bb column_border_width=\u00bbnone\u00bb column_border_style=\u00bbsolid\u00bb][nectar_responsive_text text_direction=\u00bbdefault\u00bb]\n<h2><strong>T\u00e9rminos y Condiciones de Uso &#8211; Agr\u00edcola Valencia<\/strong><\/h2>\n<!-- \/wp:post-content -->\n[\/nectar_responsive_text][divider line_type=\u00bbNo Line\u00bb custom_height=\u00bb33&#8243;][vc_column_text text_direction=\u00bbdefault\u00bb]\n<p><!-- wp:paragraph -->\u00a1Bienvenido\/a a Agr\u00edcola Valencia! Antes de utilizar nuestro sitio web, te pedimos que revises detenidamente los siguientes t\u00e9rminos y condiciones que rigen el uso de nuestra plataforma en l\u00ednea. Estos t\u00e9rminos establecen los derechos y responsabilidades tanto para los usuarios como para Agr\u00edcola Valencia.<\/p>\n<!-- \/wp:paragraph -->\n<p><!-- wp:paragraph --><strong>1. Aceptaci\u00f3n de los T\u00e9rminos y Condiciones<\/strong><\/p>\n<!-- \/wp:paragraph -->\n<p><!-- wp:paragraph -->Al acceder y utilizar nuestro sitio web, aceptas autom\u00e1ticamente los siguientes t\u00e9rminos y condiciones de uso. Si no est\u00e1s de acuerdo con alguno de estos t\u00e9rminos, por favor, abstente de utilizar nuestra plataforma.<\/p>\n<!-- \/wp:paragraph -->\n<p><!-- wp:paragraph --><strong>2. Uso Adecuado del Sitio Web<\/strong><\/p>\n<!-- \/wp:paragraph -->\n<p><!-- wp:paragraph -->Nuestro sitio web est\u00e1 destinado \u00fanicamente para uso personal y no comercial. No est\u00e1 permitido utilizar nuestro sitio para actividades ilegales, inmorales o que infrinjan los derechos de otros usuarios o terceros.<\/p>\n<!-- \/wp:paragraph -->\n<p><!-- wp:paragraph --><strong>3. Propiedad Intelectual<\/strong><\/p>\n<!-- \/wp:paragraph -->\n<p><!-- wp:paragraph -->Todo el contenido presente en el sitio web de Agr\u00edcola Valencia, incluyendo pero no limitado a texto, im\u00e1genes, logotipos, y dise\u00f1o, est\u00e1n protegidos por derechos de autor y otras leyes de propiedad intelectual. No est\u00e1 permitido utilizar, copiar, modificar o distribuir dicho contenido sin autorizaci\u00f3n previa por escrito de Agr\u00edcola Valencia.<\/p>\n<!-- \/wp:paragraph -->\n<p><!-- wp:paragraph --><strong>4. Enlaces a Terceros<\/strong><\/p>\n<!-- \/wp:paragraph -->\n<p><!-- wp:paragraph -->Nuestro sitio web puede contener enlaces a sitios web de terceros. Estos enlaces son proporcionados \u00fanicamente para conveniencia del usuario. Agr\u00edcola Valencia no tiene control sobre el contenido o las pol\u00edticas de privacidad de estos sitios web de terceros, por lo tanto, no asumimos responsabilidad por ning\u00fan da\u00f1o o perjuicio derivado del uso de estos sitios.<\/p>\n<!-- \/wp:paragraph -->\n<p><!-- wp:paragraph --><strong>5. Limitaci\u00f3n de Responsabilidad<\/strong><\/p>\n<!-- \/wp:paragraph -->\n<p><!-- wp:paragraph -->Agr\u00edcola Valencia no ser\u00e1 responsable por ning\u00fan da\u00f1o directo, indirecto, incidental, especial, consecuente o punitivo que surja del uso o la imposibilidad de utilizar nuestro sitio web, incluyendo, pero no limitado a, p\u00e9rdida de ingresos, p\u00e9rdida de datos, p\u00e9rdida de reputaci\u00f3n o da\u00f1os a la propiedad.<\/p>\n<!-- \/wp:paragraph -->\n<p><!-- wp:paragraph --><strong>6. Modificaciones de los T\u00e9rminos y Condiciones<\/strong><\/p>\n<!-- \/wp:paragraph -->\n<p><!-- wp:paragraph -->Agr\u00edcola Valencia se reserva el derecho de modificar estos t\u00e9rminos y condiciones en cualquier momento y sin previo aviso. Las modificaciones entrar\u00e1n en vigencia inmediatamente despu\u00e9s de su publicaci\u00f3n en nuestro sitio web. Se recomienda a los usuarios revisar peri\u00f3dicamente esta secci\u00f3n para estar al tanto de cualquier cambio.<\/p>\n<!-- \/wp:paragraph -->\n<p><!-- wp:paragraph --><strong>7. Ley Aplicable y Jurisdicci\u00f3n<\/strong><\/p>\n<!-- \/wp:paragraph -->\n<p><!-- wp:paragraph -->Estos t\u00e9rminos y condiciones se rigen por las leyes del pa\u00eds donde est\u00e1 registrada Agr\u00edcola Valencia. Cualquier disputa que surja en relaci\u00f3n con estos t\u00e9rminos y condiciones estar\u00e1 sujeta a la jurisdicci\u00f3n exclusiva de los tribunales de dicha jurisdicci\u00f3n.<\/p>\n<!-- \/wp:paragraph -->\n<p><!-- wp:paragraph --><strong>8. Contacto<\/strong><\/p>\n<!-- \/wp:paragraph -->\n<p><!-- wp:paragraph -->Si tienes alguna pregunta o inquietud con respecto a estos t\u00e9rminos y condiciones, no dudes en ponerte en contacto con nosotros a trav\u00e9s de la informaci\u00f3n de contacto proporcionada en nuestro sitio web.<\/p>\n<!-- \/wp:paragraph -->\n<p><!-- wp:paragraph -->Al utilizar nuestro sitio web, aceptas plenamente estos t\u00e9rminos y condiciones. \u00a1Gracias por elegir Agr\u00edcola Valencia!<\/p>\n<!-- \/wp:paragraph -->\n<p>&nbsp;<\/p>\n[\/vc_column_text][\/vc_column][\/vc_row]\n","protected":false},"excerpt":{"rendered":"<p>[vc_row type=\u00bbin_container\u00bb full_screen_row_position=\u00bbmiddle\u00bb column_margin=\u00bbdefault\u00bb column_direction=\u00bbdefault\u00bb column_direction_tablet=\u00bbdefault\u00bb column_direction_phone=\u00bbdefault\u00bb scene_position=\u00bbcenter\u00bb top_padding=\u00bb10%\u00bb constrain_group_1=\u00bbyes\u00bb bottom_padding=\u00bb10%\u00bb left_padding_desktop=\u00bb10%\u00bb constrain_group_2=\u00bbyes\u00bb right_padding_desktop=\u00bb10%\u00bb text_color=\u00bbdark\u00bb text_align=\u00bbleft\u00bb row_border_radius=\u00bbnone\u00bb row_border_radius_applies=\u00bbbg\u00bb overflow=\u00bbvisible\u00bb overlay_strength=\u00bb0.3&#8243; gradient_direction=\u00bbleft_to_right\u00bb shape_divider_position=\u00bbbottom\u00bb bg_image_animation=\u00bbnone\u00bb gradient_type=\u00bbdefault\u00bb shape_type=\u00bb\u00bb][vc_column column_padding=\u00bbno-extra-padding\u00bb column_padding_tablet=\u00bbinherit\u00bb column_padding_phone=\u00bbinherit\u00bb column_padding_position=\u00bball\u00bb column_element_direction_desktop=\u00bbdefault\u00bb&#8230;<\/p>\n","protected":false},"author":1,"featured_media":0,"parent":0,"menu_order":0,"comment_status":"closed","ping_status":"open","template":"template-no-header.php","meta":{"inline_featured_image":false,"footnotes":""},"class_list":["post-497","page","type-page","status-publish"],"_links":{"self":[{"href":"https:\/\/agricolavalencia.com\/es\/wp-json\/wp\/v2\/pages\/497","targetHints":{"allow":["GET"]}}],"collection":[{"href":"https:\/\/agricolavalencia.com\/es\/wp-json\/wp\/v2\/pages"}],"about":[{"href":"https:\/\/agricolavalencia.com\/es\/wp-json\/wp\/v2\/types\/page"}],"author":[{"embeddable":true,"href":"https:\/\/agricolavalencia.com\/es\/wp-json\/wp\/v2\/users\/1"}],"replies":[{"embeddable":true,"href":"https:\/\/agricolavalencia.com\/es\/wp-json\/wp\/v2\/comments?post=497"}],"version-history":[{"count":8,"href":"https:\/\/agricolavalencia.com\/es\/wp-json\/wp\/v2\/pages\/497\/revisions"}],"predecessor-version":[{"id":553,"href":"https:\/\/agricolavalencia.com\/es\/wp-json\/wp\/v2\/pages\/497\/revisions\/553"}],"wp:attachment":[{"href":"https:\/\/agricolavalencia.com\/es\/wp-json\/wp\/v2\/media?parent=497"}],"curies":[{"name":"wp","href":"https:\/\/api.w.org\/{rel}","templated":true}]}}